{"id":22,"date":"2022-06-06T14:34:07","date_gmt":"2021-03-09T09:03:37","guid":{"rendered":"https:\/\/carsstudio.com\/home\/about-us\/"},"modified":"2022-12-14T19:20:07","modified_gmt":"2022-12-14T17:20:07","slug":"about-us","status":"publish","type":"page","link":"https:\/\/carsstudio.com\/home\/about-us\/","title":{"rendered":"Empresa"},"content":{"rendered":"\t\t<div data-elementor-type=\"wp-page\" data-elementor-id=\"22\" class=\"elementor elementor-22\" data-elementor-post-type=\"page\">\n\t\t\t\t\t\t<section class=\"elementor-section elementor-top-section elementor-element elementor-element-7c5b8d3f elementor-section-boxed elementor-section-height-default elementor-section-height-default\" data-id=\"7c5b8d3f\" data-element_type=\"section\" data-e-type=\"section\" data-settings=\"{&quot;background_background&quot;:&quot;classic&quot;}\">\n\t\t\t\t\t\t\t<div class=\"elementor-background-overlay\"><\/div>\n\t\t\t\t\t\t\t<div class=\"elementor-container elementor-column-gap-default\">\n\t\t\t\t\t<div class=\"elementor-column elementor-col-100 elementor-top-column elementor-element elementor-element-7a68b007\" data-id=\"7a68b007\" data-element_type=\"column\" data-e-type=\"column\">\n\t\t\t<div class=\"elementor-widget-wrap elementor-element-populated\">\n\t\t\t\t\t\t<div class=\"elementor-element elementor-element-59540515 elementor-widget elementor-widget-heading\" data-id=\"59540515\" data-element_type=\"widget\" data-e-type=\"widget\" data-settings=\"{&quot;vlt_wow_animation_name&quot;:&quot;none&quot;}\" data-widget_type=\"heading.default\">\n\t\t\t\t<div class=\"elementor-widget-container\">\n\t\t\t\t\t<h1 class=\"elementor-heading-title elementor-size-default\">LA EMPRESA<\/h1>\t\t\t\t<\/div>\n\t\t\t\t<\/div>\n\t\t\t\t<div class=\"elementor-element elementor-element-4fbb5095 elementor-widget elementor-widget-text-editor\" data-id=\"4fbb5095\" data-element_type=\"widget\" data-e-type=\"widget\" data-settings=\"{&quot;vlt_wow_animation_name&quot;:&quot;none&quot;}\" data-widget_type=\"text-editor.default\">\n\t\t\t\t<div class=\"elementor-widget-container\">\n\t\t\t\t\t\t\t\t\t<p>Somos una Compa\u00f1\u00eda que ofrece a la industria audiovisual todo lo necesario para el desarrollo de sus proyectos. Somos propietarios de tres espacios estrat\u00e9gicamente situados en el primer per\u00edmetro de la Capital. Nuestro principal recurso son los 9 plat\u00f3s destinados a ficci\u00f3n, programas de televisi\u00f3n, cine, publicidad, documental y v\u00eddeo corporativo. Espacios dedicados al alquiler de plat\u00f3s en Madrid.<\/p>\n<p>Ocupamos 14.000 m\u00b2 sobre los que se encuentran 10.000 m\u00b2 de instalaciones con un total de m\u00e1s de 5.000 m\u00b2 de plat\u00f3s e instalaciones anexas, sumando m\u00e1s de 50 camerinos, 40 despachos de producci\u00f3n, salas de postproducci\u00f3n y sonido, zonas de ocio, salas de trabajo y magn\u00edficos espacios para exteriores.<\/p>\n<p>Desde su creaci\u00f3n en 1982, CARS STUDIO ha estado dedicada al alquiler de plat\u00f3s en Madrid, dedicados a la fotograf\u00eda, rodaje del autom\u00f3vil, publicidad, programas y ficci\u00f3n para televisi\u00f3n. Ofrecemos a nuestros clientes un servicio completo de plat\u00f3 e iluminaci\u00f3n tanto en estudio como en exteriores, gracias a nuestras unidades m\u00f3viles. Todo ello dirigido por nuestro equipo de t\u00e9cnicos de iluminaci\u00f3n.<\/p>\n<p>Los estudios de publicidad, ficci\u00f3n, cine&nbsp; y televisi\u00f3n de CARS STUDIO son unos de los espacios m\u00e1s completos para la realizaci\u00f3n de producciones audiovisuales. En nuestros estudios se han creado spots publicitarios realizados por multitud de productoras, hemos proporcionado espacio, recursos humanos y tecnol\u00f3gicos para un gran n\u00famero de programas de televisi\u00f3n. Durante los \u00faltimos 15 a\u00f1os, hemos dado un servicio integral a la premiada serie de ficci\u00f3n de Televisi\u00f3n Espa\u00f1ola, \u201cAmar en Tiempos Revueltos\u201d ahora en propiedad de <a href=\"https:\/\/www.antena3.com\/\" target=\"_blank\" rel=\"noopener noreferrer\" data-magic-cursor=\"link-small\">Antena 3<\/a>&nbsp;con el t\u00edtulo de&nbsp;<a href=\"https:\/\/www.antena3.com\/series\/amar\/capitulos-completos\/\" target=\"_blank\" rel=\"noopener noreferrer\" data-magic-cursor=\"link-small\">\u201cAmar es para siempre\u201d<\/a>.<\/p>\n<p>Nuestros plat\u00f3s son una excelente opci\u00f3n para el mundo audiovisual, televisivo y publicitario a nivel nacional,&nbsp; conjugando modernidad con la funcionalidad en los mejores est\u00e1ndares de calidad.<\/p>\t\t\t\t\t\t\t\t<\/div>\n\t\t\t\t<\/div>\n\t\t\t\t\t<\/div>\n\t\t<\/div>\n\t\t\t\t\t<\/div>\n\t\t<\/section>\n\t\t\t\t<\/div>\n\t\t","protected":false},"excerpt":{"rendered":"<p>LA EMPRESA Somos una Compa\u00f1\u00eda que ofrece a la industria audiovisual todo lo necesario para el desarrollo de sus proyectos. Somos propietarios de tres espacios estrat\u00e9gicamente situados en el primer per\u00edmetro de la Capital. Nuestro principal recurso son los 9 plat\u00f3s destinados a ficci\u00f3n, programas de televisi\u00f3n, cine, publicidad, documental y v\u00eddeo corporativo. Espacios dedicados<\/p>\n","protected":false},"author":1,"featured_media":0,"parent":0,"menu_order":0,"comment_status":"closed","ping_status":"closed","template":"","meta":{"footnotes":""},"class_list":["post-22","page","type-page","status-publish","hentry"],"yoast_head":"<!-- This site is optimized with the Yoast SEO plugin v27.5 - https:\/\/yoast.com\/product\/yoast-seo-wordpress\/ -->\n<title>Empresa - Carsstudio<\/title>\n<meta name=\"robots\" content=\"index, follow, max-snippet:-1, max-image-preview:large, max-video-preview:-1\" \/>\n<link rel=\"canonical\" href=\"https:\/\/carsstudio.com\/home\/about-us\/\" \/>\n<meta property=\"og:locale\" content=\"es_ES\" \/>\n<meta property=\"og:type\" content=\"article\" \/>\n<meta property=\"og:title\" content=\"Empresa - Carsstudio\" \/>\n<meta property=\"og:description\" content=\"LA EMPRESA Somos una Compa\u00f1\u00eda que ofrece a la industria audiovisual todo lo necesario para el desarrollo de sus proyectos. Somos propietarios de tres espacios estrat\u00e9gicamente situados en el primer per\u00edmetro de la Capital. Nuestro principal recurso son los 9 plat\u00f3s destinados a ficci\u00f3n, programas de televisi\u00f3n, cine, publicidad, documental y v\u00eddeo corporativo. Espacios dedicados\" \/>\n<meta property=\"og:url\" content=\"https:\/\/carsstudio.com\/home\/about-us\/\" \/>\n<meta property=\"og:site_name\" content=\"Carsstudio\" \/>\n<meta property=\"article:publisher\" content=\"https:\/\/www.facebook.com\/carsstudio.madrid\/?ref=br_rs\" \/>\n<meta property=\"article:modified_time\" content=\"2022-12-14T17:20:07+00:00\" \/>\n<meta name=\"twitter:card\" content=\"summary_large_image\" \/>\n<meta name=\"twitter:label1\" content=\"Tiempo de lectura\" \/>\n\t<meta name=\"twitter:data1\" content=\"2 minutos\" \/>\n<script type=\"application\/ld+json\" class=\"yoast-schema-graph\">{\"@context\":\"https:\\\/\\\/schema.org\",\"@graph\":[{\"@type\":\"WebPage\",\"@id\":\"https:\\\/\\\/carsstudio.com\\\/home\\\/about-us\\\/\",\"url\":\"https:\\\/\\\/carsstudio.com\\\/home\\\/about-us\\\/\",\"name\":\"Empresa - Carsstudio\",\"isPartOf\":{\"@id\":\"https:\\\/\\\/carsstudio.com\\\/home\\\/#website\"},\"datePublished\":\"2021-03-09T09:03:37+00:00\",\"dateModified\":\"2022-12-14T17:20:07+00:00\",\"breadcrumb\":{\"@id\":\"https:\\\/\\\/carsstudio.com\\\/home\\\/about-us\\\/#breadcrumb\"},\"inLanguage\":\"es\",\"potentialAction\":[{\"@type\":\"ReadAction\",\"target\":[\"https:\\\/\\\/carsstudio.com\\\/home\\\/about-us\\\/\"]}]},{\"@type\":\"BreadcrumbList\",\"@id\":\"https:\\\/\\\/carsstudio.com\\\/home\\\/about-us\\\/#breadcrumb\",\"itemListElement\":[{\"@type\":\"ListItem\",\"position\":1,\"name\":\"Portada\",\"item\":\"https:\\\/\\\/carsstudio.com\\\/home\\\/\"},{\"@type\":\"ListItem\",\"position\":2,\"name\":\"Empresa\"}]},{\"@type\":\"WebSite\",\"@id\":\"https:\\\/\\\/carsstudio.com\\\/home\\\/#website\",\"url\":\"https:\\\/\\\/carsstudio.com\\\/home\\\/\",\"name\":\"Carsstudio\",\"description\":\"Plat\u00f3s de publicidad y televisi\u00f3n\",\"publisher\":{\"@id\":\"https:\\\/\\\/carsstudio.com\\\/home\\\/#organization\"},\"potentialAction\":[{\"@type\":\"SearchAction\",\"target\":{\"@type\":\"EntryPoint\",\"urlTemplate\":\"https:\\\/\\\/carsstudio.com\\\/home\\\/?s={search_term_string}\"},\"query-input\":{\"@type\":\"PropertyValueSpecification\",\"valueRequired\":true,\"valueName\":\"search_term_string\"}}],\"inLanguage\":\"es\"},{\"@type\":\"Organization\",\"@id\":\"https:\\\/\\\/carsstudio.com\\\/home\\\/#organization\",\"name\":\"Carsstudio\",\"url\":\"https:\\\/\\\/carsstudio.com\\\/home\\\/\",\"logo\":{\"@type\":\"ImageObject\",\"inLanguage\":\"es\",\"@id\":\"https:\\\/\\\/carsstudio.com\\\/home\\\/#\\\/schema\\\/logo\\\/image\\\/\",\"url\":\"https:\\\/\\\/carsstudio.com\\\/wp-content\\\/uploads\\\/2022\\\/06\\\/Logo-Cars-Studio-2020-NEGRO.png\",\"contentUrl\":\"https:\\\/\\\/carsstudio.com\\\/wp-content\\\/uploads\\\/2022\\\/06\\\/Logo-Cars-Studio-2020-NEGRO.png\",\"width\":3021,\"height\":770,\"caption\":\"Carsstudio\"},\"image\":{\"@id\":\"https:\\\/\\\/carsstudio.com\\\/home\\\/#\\\/schema\\\/logo\\\/image\\\/\"},\"sameAs\":[\"https:\\\/\\\/www.facebook.com\\\/carsstudio.madrid\\\/?ref=br_rs\",\"https:\\\/\\\/www.linkedin.com\\\/company\\\/cars-studio\\\/about\\\/\",\"https:\\\/\\\/www.instagram.com\\\/carsstudio\\\/\"]}]}<\/script>\n<!-- \/ Yoast SEO plugin. -->","yoast_head_json":{"title":"Empresa - Carsstudio","robots":{"index":"index","follow":"follow","max-snippet":"max-snippet:-1","max-image-preview":"max-image-preview:large","max-video-preview":"max-video-preview:-1"},"canonical":"https:\/\/carsstudio.com\/home\/about-us\/","og_locale":"es_ES","og_type":"article","og_title":"Empresa - Carsstudio","og_description":"LA EMPRESA Somos una Compa\u00f1\u00eda que ofrece a la industria audiovisual todo lo necesario para el desarrollo de sus proyectos. Somos propietarios de tres espacios estrat\u00e9gicamente situados en el primer per\u00edmetro de la Capital. Nuestro principal recurso son los 9 plat\u00f3s destinados a ficci\u00f3n, programas de televisi\u00f3n, cine, publicidad, documental y v\u00eddeo corporativo. Espacios dedicados","og_url":"https:\/\/carsstudio.com\/home\/about-us\/","og_site_name":"Carsstudio","article_publisher":"https:\/\/www.facebook.com\/carsstudio.madrid\/?ref=br_rs","article_modified_time":"2022-12-14T17:20:07+00:00","twitter_card":"summary_large_image","twitter_misc":{"Tiempo de lectura":"2 minutos"},"schema":{"@context":"https:\/\/schema.org","@graph":[{"@type":"WebPage","@id":"https:\/\/carsstudio.com\/home\/about-us\/","url":"https:\/\/carsstudio.com\/home\/about-us\/","name":"Empresa - Carsstudio","isPartOf":{"@id":"https:\/\/carsstudio.com\/home\/#website"},"datePublished":"2021-03-09T09:03:37+00:00","dateModified":"2022-12-14T17:20:07+00:00","breadcrumb":{"@id":"https:\/\/carsstudio.com\/home\/about-us\/#breadcrumb"},"inLanguage":"es","potentialAction":[{"@type":"ReadAction","target":["https:\/\/carsstudio.com\/home\/about-us\/"]}]},{"@type":"BreadcrumbList","@id":"https:\/\/carsstudio.com\/home\/about-us\/#breadcrumb","itemListElement":[{"@type":"ListItem","position":1,"name":"Portada","item":"https:\/\/carsstudio.com\/home\/"},{"@type":"ListItem","position":2,"name":"Empresa"}]},{"@type":"WebSite","@id":"https:\/\/carsstudio.com\/home\/#website","url":"https:\/\/carsstudio.com\/home\/","name":"Carsstudio","description":"Plat\u00f3s de publicidad y televisi\u00f3n","publisher":{"@id":"https:\/\/carsstudio.com\/home\/#organization"},"potentialAction":[{"@type":"SearchAction","target":{"@type":"EntryPoint","urlTemplate":"https:\/\/carsstudio.com\/home\/?s={search_term_string}"},"query-input":{"@type":"PropertyValueSpecification","valueRequired":true,"valueName":"search_term_string"}}],"inLanguage":"es"},{"@type":"Organization","@id":"https:\/\/carsstudio.com\/home\/#organization","name":"Carsstudio","url":"https:\/\/carsstudio.com\/home\/","logo":{"@type":"ImageObject","inLanguage":"es","@id":"https:\/\/carsstudio.com\/home\/#\/schema\/logo\/image\/","url":"https:\/\/carsstudio.com\/wp-content\/uploads\/2022\/06\/Logo-Cars-Studio-2020-NEGRO.png","contentUrl":"https:\/\/carsstudio.com\/wp-content\/uploads\/2022\/06\/Logo-Cars-Studio-2020-NEGRO.png","width":3021,"height":770,"caption":"Carsstudio"},"image":{"@id":"https:\/\/carsstudio.com\/home\/#\/schema\/logo\/image\/"},"sameAs":["https:\/\/www.facebook.com\/carsstudio.madrid\/?ref=br_rs","https:\/\/www.linkedin.com\/company\/cars-studio\/about\/","https:\/\/www.instagram.com\/carsstudio\/"]}]}},"_links":{"self":[{"href":"https:\/\/carsstudio.com\/home\/wp-json\/wp\/v2\/pages\/22","targetHints":{"allow":["GET"]}}],"collection":[{"href":"https:\/\/carsstudio.com\/home\/wp-json\/wp\/v2\/pages"}],"about":[{"href":"https:\/\/carsstudio.com\/home\/wp-json\/wp\/v2\/types\/page"}],"author":[{"embeddable":true,"href":"https:\/\/carsstudio.com\/home\/wp-json\/wp\/v2\/users\/1"}],"replies":[{"embeddable":true,"href":"https:\/\/carsstudio.com\/home\/wp-json\/wp\/v2\/comments?post=22"}],"version-history":[{"count":94,"href":"https:\/\/carsstudio.com\/home\/wp-json\/wp\/v2\/pages\/22\/revisions"}],"predecessor-version":[{"id":3874,"href":"https:\/\/carsstudio.com\/home\/wp-json\/wp\/v2\/pages\/22\/revisions\/3874"}],"wp:attachment":[{"href":"https:\/\/carsstudio.com\/home\/wp-json\/wp\/v2\/media?parent=22"}],"curies":[{"name":"wp","href":"https:\/\/api.w.org\/{rel}","templated":true}]}}