{"id":2372,"date":"2022-06-06T14:34:13","date_gmt":"2021-03-09T14:11:37","guid":{"rendered":"https:\/\/carsstudio.com\/home\/services\/"},"modified":"2025-07-16T20:41:45","modified_gmt":"2025-07-16T18:41:45","slug":"services","status":"publish","type":"page","link":"https:\/\/carsstudio.com\/home\/services\/","title":{"rendered":"Servicios"},"content":{"rendered":"\t\t<div data-elementor-type=\"wp-page\" data-elementor-id=\"2372\" class=\"elementor elementor-2372\" data-elementor-post-type=\"page\">\n\t\t\t\t\t\t<section class=\"elementor-section elementor-top-section elementor-element elementor-element-108d5a6f elementor-section-boxed elementor-section-height-default elementor-section-height-default\" data-id=\"108d5a6f\" data-element_type=\"section\" data-e-type=\"section\" data-settings=\"{&quot;background_background&quot;:&quot;classic&quot;}\">\n\t\t\t\t\t\t\t<div class=\"elementor-background-overlay\"><\/div>\n\t\t\t\t\t\t\t<div class=\"elementor-container elementor-column-gap-default\">\n\t\t\t\t\t<div class=\"elementor-column elementor-col-100 elementor-top-column elementor-element elementor-element-a54a8de\" data-id=\"a54a8de\" data-element_type=\"column\" data-e-type=\"column\">\n\t\t\t<div class=\"elementor-widget-wrap elementor-element-populated\">\n\t\t\t\t\t\t<div class=\"elementor-element elementor-element-a5a51f1 elementor-widget elementor-widget-heading\" data-id=\"a5a51f1\" data-element_type=\"widget\" data-e-type=\"widget\" data-settings=\"{&quot;vlt_wow_animation_name&quot;:&quot;none&quot;}\" data-widget_type=\"heading.default\">\n\t\t\t\t<div class=\"elementor-widget-container\">\n\t\t\t\t\t<h1 class=\"elementor-heading-title elementor-size-default\">Alquiler de Plat\u00f3s en Madrid para Producci\u00f3n Audiovisual<br><\/h1>\t\t\t\t<\/div>\n\t\t\t\t<\/div>\n\t\t\t\t<div class=\"elementor-element elementor-element-8207310 elementor-widget elementor-widget-text-editor\" data-id=\"8207310\" data-element_type=\"widget\" data-e-type=\"widget\" data-settings=\"{&quot;vlt_wow_animation_name&quot;:&quot;none&quot;}\" data-widget_type=\"text-editor.default\">\n\t\t\t\t<div class=\"elementor-widget-container\">\n\t\t\t\t\t\t\t\t\t<p>Descubre nuestros estudios audiovisuales en Madrid, con plat\u00f3s insonorizados y espacios equipados para todo tipo de rodajes y grabaciones profesionales.<\/p>\t\t\t\t\t\t\t\t<\/div>\n\t\t\t\t<\/div>\n\t\t\t\t<div class=\"elementor-element elementor-element-3a0d8db elementor-widget elementor-widget-heading\" data-id=\"3a0d8db\" data-element_type=\"widget\" data-e-type=\"widget\" data-settings=\"{&quot;vlt_wow_animation_name&quot;:&quot;none&quot;}\" data-widget_type=\"heading.default\">\n\t\t\t\t<div class=\"elementor-widget-container\">\n\t\t\t\t\t<h2 class=\"elementor-heading-title elementor-size-default\">Estudios Audiovisuales y Espacios para Rodajes<\/h2>\t\t\t\t<\/div>\n\t\t\t\t<\/div>\n\t\t\t\t<div class=\"elementor-element elementor-element-e2b6c6f elementor-widget elementor-widget-text-editor\" data-id=\"e2b6c6f\" data-element_type=\"widget\" data-e-type=\"widget\" data-settings=\"{&quot;vlt_wow_animation_name&quot;:&quot;none&quot;}\" data-widget_type=\"text-editor.default\">\n\t\t\t\t<div class=\"elementor-widget-container\">\n\t\t\t\t\t\t\t\t\t<p>Contamos con diferentes localizaciones adaptadas a las necesidades de cada proyecto audiovisual.<\/p>\t\t\t\t\t\t\t\t<\/div>\n\t\t\t\t<\/div>\n\t\t\t\t<div class=\"elementor-element elementor-element-b7cab3c elementor-widget elementor-widget-heading\" data-id=\"b7cab3c\" data-element_type=\"widget\" data-e-type=\"widget\" data-settings=\"{&quot;vlt_wow_animation_name&quot;:&quot;none&quot;}\" data-widget_type=\"heading.default\">\n\t\t\t\t<div class=\"elementor-widget-container\">\n\t\t\t\t\t<h3 class=\"elementor-heading-title elementor-size-default\">Plat\u00f3s insonorizados disponibles en Ciudad de la Imagen y Madrid capital<\/h3>\t\t\t\t<\/div>\n\t\t\t\t<\/div>\n\t\t\t\t<div class=\"elementor-element elementor-element-55a0429 elementor-widget-divider--view-line elementor-widget elementor-widget-divider\" data-id=\"55a0429\" data-element_type=\"widget\" data-e-type=\"widget\" data-settings=\"{&quot;vlt_wow_animation_name&quot;:&quot;none&quot;}\" data-widget_type=\"divider.default\">\n\t\t\t\t<div class=\"elementor-widget-container\">\n\t\t\t\t\t\t\t<div class=\"elementor-divider\">\n\t\t\t<span class=\"elementor-divider-separator\">\n\t\t\t\t\t\t<\/span>\n\t\t<\/div>\n\t\t\t\t\t\t<\/div>\n\t\t\t\t<\/div>\n\t\t\t\t<section class=\"elementor-section elementor-inner-section elementor-element elementor-element-94bf298 elementor-section-full_width elementor-section-height-min-height elementor-section-height-default\" data-id=\"94bf298\" data-element_type=\"section\" data-e-type=\"section\">\n\t\t\t\t\t\t<div class=\"elementor-container elementor-column-gap-default\">\n\t\t\t\t\t<div class=\"elementor-column elementor-col-33 elementor-inner-column elementor-element elementor-element-6b5bff3\" data-id=\"6b5bff3\" data-element_type=\"column\" data-e-type=\"column\">\n\t\t\t<div class=\"elementor-widget-wrap elementor-element-populated\">\n\t\t\t\t\t\t<div class=\"elementor-element elementor-element-78fbc30 elementor-widget elementor-widget-image\" data-id=\"78fbc30\" data-element_type=\"widget\" data-e-type=\"widget\" data-settings=\"{&quot;vlt_wow_animation_name&quot;:&quot;none&quot;}\" data-widget_type=\"image.default\">\n\t\t\t\t<div class=\"elementor-widget-container\">\n\t\t\t\t\t\t\t\t\t\t\t\t\t\t\t<img fetchpriority=\"high\" decoding=\"async\" width=\"1280\" height=\"800\" src=\"https:\/\/carsstudio.com\/wp-content\/uploads\/2022\/06\/Alquiler_de_platos_en_Madrid_012.jpg\" class=\"attachment-full size-full wp-image-3052\" alt=\"Alquiler de plat\u00f3s en Madrid para producciones audiovisuales\" srcset=\"https:\/\/carsstudio.com\/wp-content\/uploads\/2022\/06\/Alquiler_de_platos_en_Madrid_012.jpg 1280w, https:\/\/carsstudio.com\/wp-content\/uploads\/2022\/06\/Alquiler_de_platos_en_Madrid_012-300x188.jpg 300w, https:\/\/carsstudio.com\/wp-content\/uploads\/2022\/06\/Alquiler_de_platos_en_Madrid_012-1024x640.jpg 1024w, https:\/\/carsstudio.com\/wp-content\/uploads\/2022\/06\/Alquiler_de_platos_en_Madrid_012-768x480.jpg 768w, https:\/\/carsstudio.com\/wp-content\/uploads\/2022\/06\/Alquiler_de_platos_en_Madrid_012-800x500.jpg 800w\" sizes=\"(max-width: 1280px) 100vw, 1280px\" \/>\t\t\t\t\t\t\t\t\t\t\t\t\t\t\t<\/div>\n\t\t\t\t<\/div>\n\t\t\t\t<div class=\"elementor-element elementor-element-402772a elementor-invisible elementor-widget elementor-widget-image-box\" data-id=\"402772a\" data-element_type=\"widget\" data-e-type=\"widget\" data-settings=\"{&quot;_animation&quot;:&quot;fadeInDown&quot;,&quot;vlt_wow_animation_name&quot;:&quot;none&quot;}\" data-widget_type=\"image-box.default\">\n\t\t\t\t<div class=\"elementor-widget-container\">\n\t\t\t\t\t<div class=\"elementor-image-box-wrapper\"><div class=\"elementor-image-box-content\"><h4 class=\"elementor-image-box-title\">Fernando Rey, 5 \u2013 Ciudad de la Imagen<\/h4><p class=\"elementor-image-box-description\"><strong>2 plat\u00f3s profesionales en un edificio de 3.000 m\u00b2 sobre una parcela de 4.000 m\u00b2 <\/strong>\n<br><br>\nCentro de producci\u00f3n situado en en Ciudad de la Imagen, frente a los cines Kin\u00e9polis. Su ubicaci\u00f3n es accesible en coche con accesos directos a M30, M40 y M50, as\u00ed como medios de transporte p\u00fablico con l\u00edneas de Autob\u00fas y Metro ligero. \n<br><br>\nLas instalaciones de los estudios de Fernando Rey cuentan con dos plat\u00f3s de 800 y 600 metros cuadrados a lo que se suman m\u00e1s de 1.500 metros cuadrados construidos en los que se distribuyen despachos, camerinos, salas de maquillaje y peluquer\u00eda, espacios para control de realizaci\u00f3n, salas de edici\u00f3n, almac\u00e9n de vestuario, almac\u00e9n de atrezzo, comedor, aseos, salas de juntas, control de seguridad y sala de sonido. \n<br><br>\nEl exterior de las instalaciones cuentan con una zona de parking con 30 plazas y un acceso directo hasta los plat\u00f3s para todo tipo de transportes, mercanc\u00edas y maquinaria pesada.<\/p><\/div><\/div>\t\t\t\t<\/div>\n\t\t\t\t<\/div>\n\t\t\t\t\t<\/div>\n\t\t<\/div>\n\t\t\t\t<div class=\"elementor-column elementor-col-33 elementor-inner-column elementor-element elementor-element-9258db5\" data-id=\"9258db5\" data-element_type=\"column\" data-e-type=\"column\">\n\t\t\t<div class=\"elementor-widget-wrap elementor-element-populated\">\n\t\t\t\t\t\t<div class=\"elementor-element elementor-element-d207900 elementor-widget elementor-widget-image\" data-id=\"d207900\" data-element_type=\"widget\" data-e-type=\"widget\" data-settings=\"{&quot;vlt_wow_animation_name&quot;:&quot;none&quot;}\" data-widget_type=\"image.default\">\n\t\t\t\t<div class=\"elementor-widget-container\">\n\t\t\t\t\t\t\t\t\t\t\t\t\t\t\t<img decoding=\"async\" width=\"1280\" height=\"800\" src=\"https:\/\/carsstudio.com\/wp-content\/uploads\/2022\/06\/Alquiler_de_platos_en_Madrid_014.jpg\" class=\"attachment-full size-full wp-image-3054\" alt=\"Estudios audiovisuales Madrid con plat\u00f3s insonorizados\" srcset=\"https:\/\/carsstudio.com\/wp-content\/uploads\/2022\/06\/Alquiler_de_platos_en_Madrid_014.jpg 1280w, https:\/\/carsstudio.com\/wp-content\/uploads\/2022\/06\/Alquiler_de_platos_en_Madrid_014-300x188.jpg 300w, https:\/\/carsstudio.com\/wp-content\/uploads\/2022\/06\/Alquiler_de_platos_en_Madrid_014-1024x640.jpg 1024w, https:\/\/carsstudio.com\/wp-content\/uploads\/2022\/06\/Alquiler_de_platos_en_Madrid_014-768x480.jpg 768w, https:\/\/carsstudio.com\/wp-content\/uploads\/2022\/06\/Alquiler_de_platos_en_Madrid_014-800x500.jpg 800w\" sizes=\"(max-width: 1280px) 100vw, 1280px\" \/>\t\t\t\t\t\t\t\t\t\t\t\t\t\t\t<\/div>\n\t\t\t\t<\/div>\n\t\t\t\t<div class=\"elementor-element elementor-element-0b442c9 elementor-invisible elementor-widget elementor-widget-image-box\" data-id=\"0b442c9\" data-element_type=\"widget\" data-e-type=\"widget\" data-settings=\"{&quot;_animation&quot;:&quot;fadeInDown&quot;,&quot;vlt_wow_animation_name&quot;:&quot;none&quot;}\" data-widget_type=\"image-box.default\">\n\t\t\t\t<div class=\"elementor-widget-container\">\n\t\t\t\t\t<div class=\"elementor-image-box-wrapper\"><div class=\"elementor-image-box-content\"><h4 class=\"elementor-image-box-title\">Jos\u00e9 Isbert, 6 \u2013 Ciudad de la Imagen<\/h4><p class=\"elementor-image-box-description\"><strong>2 plat\u00f3s insonorizados en edificio de 5.500 m\u00b2 sobre una parcela de 10.000 m\u00b2. <\/strong>\n<br><br>\nCentro de producci\u00f3n situado en en Ciudad de la Imagen, frente a los cines Kinepolis. Su ubicaci\u00f3n es accesible en coche con accesos directos a M30, M40 y M50, as\u00ed como medios de transporte p\u00fablico con l\u00edneas de Autob\u00fas y Metro ligero. \n<br><br>\nLos estudios de Jos\u00e9 Isbert, 6 cuentan con dos plat\u00f3s de 1500 y 700 m\u00b2 respectivamente, a lo que sumamos 3.300 m\u00b2 construidos, distribuidos en despachos, oficinas, camerinos, salas de maquillaje y peluquer\u00eda, espacios para control de realizaci\u00f3n, salas de edici\u00f3n, sala de color, almac\u00e9n de vestuario, almac\u00e9n de atrezzo,talleres, comedor, aseos, salas de juntas, recepci\u00f3n, control de seguridad, salas de sonido y sala de proyecci\u00f3n con capacidad para 20 personas. \n<br><br>\nLa parcela exterior de 6.000 metros de espacio libre, cuenta con una zona de parking para 80 veh\u00edculos, con un acceso directo de camiones hasta platos y todas las facilidades para el transporte de mercanc\u00edas. \n<br><br>\nEn la parcela exterior hemos adaptado un espacio de 3.500 m\u00b2 aproximadamente, para la construcci\u00f3n de decorados de exteriores y los rodajes con ciclorama en plato exterior.<\/p><\/div><\/div>\t\t\t\t<\/div>\n\t\t\t\t<\/div>\n\t\t\t\t\t<\/div>\n\t\t<\/div>\n\t\t\t\t<div class=\"elementor-column elementor-col-33 elementor-inner-column elementor-element elementor-element-2d85cfe\" data-id=\"2d85cfe\" data-element_type=\"column\" data-e-type=\"column\">\n\t\t\t<div class=\"elementor-widget-wrap elementor-element-populated\">\n\t\t\t\t\t\t<div class=\"elementor-element elementor-element-547514e elementor-widget elementor-widget-image\" data-id=\"547514e\" data-element_type=\"widget\" data-e-type=\"widget\" data-settings=\"{&quot;vlt_wow_animation_name&quot;:&quot;none&quot;}\" data-widget_type=\"image.default\">\n\t\t\t\t<div class=\"elementor-widget-container\">\n\t\t\t\t\t\t\t\t\t\t\t\t\t\t\t\t<a href=\"https:\/\/carsstudio.com\/home\/etruria\/\">\n\t\t\t\t\t\t\t<img decoding=\"async\" width=\"1280\" height=\"800\" src=\"https:\/\/carsstudio.com\/wp-content\/uploads\/2022\/06\/Rodaje_de_publicidad_en_Madrid_007.jpg\" class=\"attachment-full size-full wp-image-3055\" alt=\"Producci\u00f3n audiovisual en espacios adaptables y modernos\" srcset=\"https:\/\/carsstudio.com\/wp-content\/uploads\/2022\/06\/Rodaje_de_publicidad_en_Madrid_007.jpg 1280w, https:\/\/carsstudio.com\/wp-content\/uploads\/2022\/06\/Rodaje_de_publicidad_en_Madrid_007-300x188.jpg 300w, https:\/\/carsstudio.com\/wp-content\/uploads\/2022\/06\/Rodaje_de_publicidad_en_Madrid_007-1024x640.jpg 1024w, https:\/\/carsstudio.com\/wp-content\/uploads\/2022\/06\/Rodaje_de_publicidad_en_Madrid_007-768x480.jpg 768w, https:\/\/carsstudio.com\/wp-content\/uploads\/2022\/06\/Rodaje_de_publicidad_en_Madrid_007-800x500.jpg 800w\" sizes=\"(max-width: 1280px) 100vw, 1280px\" \/>\t\t\t\t\t\t\t\t<\/a>\n\t\t\t\t\t\t\t\t\t\t\t\t\t\t\t<\/div>\n\t\t\t\t<\/div>\n\t\t\t\t<div class=\"elementor-element elementor-element-6097063 elementor-invisible elementor-widget elementor-widget-image-box\" data-id=\"6097063\" data-element_type=\"widget\" data-e-type=\"widget\" data-settings=\"{&quot;_animation&quot;:&quot;fadeInDown&quot;,&quot;vlt_wow_animation_name&quot;:&quot;none&quot;}\" data-widget_type=\"image-box.default\">\n\t\t\t\t<div class=\"elementor-widget-container\">\n\t\t\t\t\t<div class=\"elementor-image-box-wrapper\"><div class=\"elementor-image-box-content\"><h4 class=\"elementor-image-box-title\">Calle Etruria, 30 \u2013 Junto al Estadio Metropolitano<\/h4><p class=\"elementor-image-box-description\"><strong>3 plat\u00f3s con ciclorama en 1.500 m\u00b2 de instalaciones en Madrid capital. <\/strong>\n<br><br>\nSituados frente al estadio Metropolitano cuentan con buenos accesos y facilidad de aparcamiento por situarse fuera de la zona de servicio de estacionamiento regulado. \n<br><br>\nCuenta con 3 plat\u00f3s con ciclorama en \u201cU\u201d y techo m\u00f3vil. El plat\u00f3 1 pintado en  blanco, con unas medidas de 15m x 11m x 6m y 40 m de tiro de c\u00e1mara m\u00e1ximo, hacen un total de 330 m2, entre ciclorama y zona t\u00e9cnica. El plat\u00f3 2 est\u00e1 pintado de base en color negro y cuenta con 210 metros cuadrados de ciclorama, con unas medidas de 15 m x 14 m  x 6m y 22 m tiro de c\u00e1mara. El plat\u00f3 3, pintado en croma y unas medidas de 12,5 m x 12,5 m x 5,5m y 16 m tiro de c\u00e1mara, suponen una superficie de ciclorama de 156 m2. \n<br><br>\nTodos los plat\u00f3s est\u00e1n equipados con bastidor en techo m\u00f3vil motorizado y climatizaci\u00f3n. Contamos con equipos de iluminaci\u00f3n, Slider, travelling y Panther \u201cClassic Plus\u201d. \n<br><br>\nCada plat\u00f3 es independiente y cuentan con red WIFI de 1 GB, as\u00ed como con instalaciones auxiliares dedicadas al maquillaje y peluquer\u00eda, probadores de vestuario, camerinos, espacios para el catering... \n<br><br>\nLas instalaciones permiten el acceso directo de veh\u00edculos hasta el ciclorama de cada estudio.\n\n\n<\/p><\/div><\/div>\t\t\t\t<\/div>\n\t\t\t\t<\/div>\n\t\t\t\t\t<\/div>\n\t\t<\/div>\n\t\t\t\t\t<\/div>\n\t\t<\/section>\n\t\t\t\t\t<\/div>\n\t\t<\/div>\n\t\t\t\t\t<\/div>\n\t\t<\/section>\n\t\t\t\t<\/div>\n\t\t","protected":false},"excerpt":{"rendered":"<p>Alquiler de Plat\u00f3s en Madrid para Producci\u00f3n Audiovisual Descubre nuestros estudios audiovisuales en Madrid, con plat\u00f3s insonorizados y espacios equipados para todo tipo de rodajes y grabaciones profesionales. Estudios Audiovisuales y Espacios para Rodajes Contamos con diferentes localizaciones adaptadas a las necesidades de cada proyecto audiovisual. Plat\u00f3s insonorizados disponibles en Ciudad de la Imagen y<\/p>\n","protected":false},"author":1,"featured_media":0,"parent":0,"menu_order":0,"comment_status":"closed","ping_status":"closed","template":"","meta":{"footnotes":""},"class_list":["post-2372","page","type-page","status-publish","hentry"],"yoast_head":"<!-- This site is optimized with the Yoast SEO plugin v27.5 - https:\/\/yoast.com\/product\/yoast-seo-wordpress\/ -->\n<title>Carsstudio- Alquiler de Plat\u00f3s en Madrid | Estudios Profesionales<\/title>\n<meta name=\"description\" content=\"Estudios audiovisuales en Madrid con plat\u00f3s insonorizados y ciclorama blanco, verde, azul o negro. Rodajes, publicidad y producci\u00f3n audiovisual profesional.\" \/>\n<meta name=\"robots\" content=\"index, follow, max-snippet:-1, max-image-preview:large, max-video-preview:-1\" \/>\n<link rel=\"canonical\" href=\"https:\/\/carsstudio.com\/home\/services\/\" \/>\n<meta property=\"og:locale\" content=\"es_ES\" \/>\n<meta property=\"og:type\" content=\"article\" \/>\n<meta property=\"og:title\" content=\"Carsstudio- Alquiler de Plat\u00f3s en Madrid | Estudios Profesionales\" \/>\n<meta property=\"og:description\" content=\"Estudios audiovisuales en Madrid con plat\u00f3s insonorizados y ciclorama blanco, verde, azul o negro. Rodajes, publicidad y producci\u00f3n audiovisual profesional.\" \/>\n<meta property=\"og:url\" content=\"https:\/\/carsstudio.com\/home\/services\/\" \/>\n<meta property=\"og:site_name\" content=\"Carsstudio\" \/>\n<meta property=\"article:publisher\" content=\"https:\/\/www.facebook.com\/carsstudio.madrid\/?ref=br_rs\" \/>\n<meta property=\"article:modified_time\" content=\"2025-07-16T18:41:45+00:00\" \/>\n<meta property=\"og:image\" content=\"https:\/\/carsstudio.com\/wp-content\/uploads\/2022\/06\/Alquiler_de_platos_en_Madrid_012.jpg\" \/>\n\t<meta property=\"og:image:width\" content=\"1280\" \/>\n\t<meta property=\"og:image:height\" content=\"800\" \/>\n\t<meta property=\"og:image:type\" content=\"image\/jpeg\" \/>\n<meta name=\"twitter:card\" content=\"summary_large_image\" \/>\n<meta name=\"twitter:label1\" content=\"Tiempo de lectura\" \/>\n\t<meta name=\"twitter:data1\" content=\"4 minutos\" \/>\n<script type=\"application\/ld+json\" class=\"yoast-schema-graph\">{\"@context\":\"https:\\\/\\\/schema.org\",\"@graph\":[{\"@type\":\"WebPage\",\"@id\":\"https:\\\/\\\/carsstudio.com\\\/home\\\/services\\\/\",\"url\":\"https:\\\/\\\/carsstudio.com\\\/home\\\/services\\\/\",\"name\":\"Carsstudio- Alquiler de Plat\u00f3s en Madrid | Estudios Profesionales\",\"isPartOf\":{\"@id\":\"https:\\\/\\\/carsstudio.com\\\/home\\\/#website\"},\"primaryImageOfPage\":{\"@id\":\"https:\\\/\\\/carsstudio.com\\\/home\\\/services\\\/#primaryimage\"},\"image\":{\"@id\":\"https:\\\/\\\/carsstudio.com\\\/home\\\/services\\\/#primaryimage\"},\"thumbnailUrl\":\"https:\\\/\\\/carsstudio.com\\\/wp-content\\\/uploads\\\/2022\\\/06\\\/Alquiler_de_platos_en_Madrid_012.jpg\",\"datePublished\":\"2021-03-09T14:11:37+00:00\",\"dateModified\":\"2025-07-16T18:41:45+00:00\",\"description\":\"Estudios audiovisuales en Madrid con plat\u00f3s insonorizados y ciclorama blanco, verde, azul o negro. Rodajes, publicidad y producci\u00f3n audiovisual profesional.\",\"breadcrumb\":{\"@id\":\"https:\\\/\\\/carsstudio.com\\\/home\\\/services\\\/#breadcrumb\"},\"inLanguage\":\"es\",\"potentialAction\":[{\"@type\":\"ReadAction\",\"target\":[\"https:\\\/\\\/carsstudio.com\\\/home\\\/services\\\/\"]}]},{\"@type\":\"ImageObject\",\"inLanguage\":\"es\",\"@id\":\"https:\\\/\\\/carsstudio.com\\\/home\\\/services\\\/#primaryimage\",\"url\":\"https:\\\/\\\/carsstudio.com\\\/wp-content\\\/uploads\\\/2022\\\/06\\\/Alquiler_de_platos_en_Madrid_012.jpg\",\"contentUrl\":\"https:\\\/\\\/carsstudio.com\\\/wp-content\\\/uploads\\\/2022\\\/06\\\/Alquiler_de_platos_en_Madrid_012.jpg\"},{\"@type\":\"BreadcrumbList\",\"@id\":\"https:\\\/\\\/carsstudio.com\\\/home\\\/services\\\/#breadcrumb\",\"itemListElement\":[{\"@type\":\"ListItem\",\"position\":1,\"name\":\"Portada\",\"item\":\"https:\\\/\\\/carsstudio.com\\\/home\\\/\"},{\"@type\":\"ListItem\",\"position\":2,\"name\":\"Servicios\"}]},{\"@type\":\"WebSite\",\"@id\":\"https:\\\/\\\/carsstudio.com\\\/home\\\/#website\",\"url\":\"https:\\\/\\\/carsstudio.com\\\/home\\\/\",\"name\":\"Carsstudio\",\"description\":\"Plat\u00f3s de publicidad y televisi\u00f3n\",\"publisher\":{\"@id\":\"https:\\\/\\\/carsstudio.com\\\/home\\\/#organization\"},\"potentialAction\":[{\"@type\":\"SearchAction\",\"target\":{\"@type\":\"EntryPoint\",\"urlTemplate\":\"https:\\\/\\\/carsstudio.com\\\/home\\\/?s={search_term_string}\"},\"query-input\":{\"@type\":\"PropertyValueSpecification\",\"valueRequired\":true,\"valueName\":\"search_term_string\"}}],\"inLanguage\":\"es\"},{\"@type\":\"Organization\",\"@id\":\"https:\\\/\\\/carsstudio.com\\\/home\\\/#organization\",\"name\":\"Carsstudio\",\"url\":\"https:\\\/\\\/carsstudio.com\\\/home\\\/\",\"logo\":{\"@type\":\"ImageObject\",\"inLanguage\":\"es\",\"@id\":\"https:\\\/\\\/carsstudio.com\\\/home\\\/#\\\/schema\\\/logo\\\/image\\\/\",\"url\":\"https:\\\/\\\/carsstudio.com\\\/wp-content\\\/uploads\\\/2022\\\/06\\\/Logo-Cars-Studio-2020-NEGRO.png\",\"contentUrl\":\"https:\\\/\\\/carsstudio.com\\\/wp-content\\\/uploads\\\/2022\\\/06\\\/Logo-Cars-Studio-2020-NEGRO.png\",\"width\":3021,\"height\":770,\"caption\":\"Carsstudio\"},\"image\":{\"@id\":\"https:\\\/\\\/carsstudio.com\\\/home\\\/#\\\/schema\\\/logo\\\/image\\\/\"},\"sameAs\":[\"https:\\\/\\\/www.facebook.com\\\/carsstudio.madrid\\\/?ref=br_rs\",\"https:\\\/\\\/www.linkedin.com\\\/company\\\/cars-studio\\\/about\\\/\",\"https:\\\/\\\/www.instagram.com\\\/carsstudio\\\/\"]}]}<\/script>\n<!-- \/ Yoast SEO plugin. -->","yoast_head_json":{"title":"Carsstudio- Alquiler de Plat\u00f3s en Madrid | Estudios Profesionales","description":"Estudios audiovisuales en Madrid con plat\u00f3s insonorizados y ciclorama blanco, verde, azul o negro. Rodajes, publicidad y producci\u00f3n audiovisual profesional.","robots":{"index":"index","follow":"follow","max-snippet":"max-snippet:-1","max-image-preview":"max-image-preview:large","max-video-preview":"max-video-preview:-1"},"canonical":"https:\/\/carsstudio.com\/home\/services\/","og_locale":"es_ES","og_type":"article","og_title":"Carsstudio- Alquiler de Plat\u00f3s en Madrid | Estudios Profesionales","og_description":"Estudios audiovisuales en Madrid con plat\u00f3s insonorizados y ciclorama blanco, verde, azul o negro. Rodajes, publicidad y producci\u00f3n audiovisual profesional.","og_url":"https:\/\/carsstudio.com\/home\/services\/","og_site_name":"Carsstudio","article_publisher":"https:\/\/www.facebook.com\/carsstudio.madrid\/?ref=br_rs","article_modified_time":"2025-07-16T18:41:45+00:00","og_image":[{"width":1280,"height":800,"url":"https:\/\/carsstudio.com\/wp-content\/uploads\/2022\/06\/Alquiler_de_platos_en_Madrid_012.jpg","type":"image\/jpeg"}],"twitter_card":"summary_large_image","twitter_misc":{"Tiempo de lectura":"4 minutos"},"schema":{"@context":"https:\/\/schema.org","@graph":[{"@type":"WebPage","@id":"https:\/\/carsstudio.com\/home\/services\/","url":"https:\/\/carsstudio.com\/home\/services\/","name":"Carsstudio- Alquiler de Plat\u00f3s en Madrid | Estudios Profesionales","isPartOf":{"@id":"https:\/\/carsstudio.com\/home\/#website"},"primaryImageOfPage":{"@id":"https:\/\/carsstudio.com\/home\/services\/#primaryimage"},"image":{"@id":"https:\/\/carsstudio.com\/home\/services\/#primaryimage"},"thumbnailUrl":"https:\/\/carsstudio.com\/wp-content\/uploads\/2022\/06\/Alquiler_de_platos_en_Madrid_012.jpg","datePublished":"2021-03-09T14:11:37+00:00","dateModified":"2025-07-16T18:41:45+00:00","description":"Estudios audiovisuales en Madrid con plat\u00f3s insonorizados y ciclorama blanco, verde, azul o negro. Rodajes, publicidad y producci\u00f3n audiovisual profesional.","breadcrumb":{"@id":"https:\/\/carsstudio.com\/home\/services\/#breadcrumb"},"inLanguage":"es","potentialAction":[{"@type":"ReadAction","target":["https:\/\/carsstudio.com\/home\/services\/"]}]},{"@type":"ImageObject","inLanguage":"es","@id":"https:\/\/carsstudio.com\/home\/services\/#primaryimage","url":"https:\/\/carsstudio.com\/wp-content\/uploads\/2022\/06\/Alquiler_de_platos_en_Madrid_012.jpg","contentUrl":"https:\/\/carsstudio.com\/wp-content\/uploads\/2022\/06\/Alquiler_de_platos_en_Madrid_012.jpg"},{"@type":"BreadcrumbList","@id":"https:\/\/carsstudio.com\/home\/services\/#breadcrumb","itemListElement":[{"@type":"ListItem","position":1,"name":"Portada","item":"https:\/\/carsstudio.com\/home\/"},{"@type":"ListItem","position":2,"name":"Servicios"}]},{"@type":"WebSite","@id":"https:\/\/carsstudio.com\/home\/#website","url":"https:\/\/carsstudio.com\/home\/","name":"Carsstudio","description":"Plat\u00f3s de publicidad y televisi\u00f3n","publisher":{"@id":"https:\/\/carsstudio.com\/home\/#organization"},"potentialAction":[{"@type":"SearchAction","target":{"@type":"EntryPoint","urlTemplate":"https:\/\/carsstudio.com\/home\/?s={search_term_string}"},"query-input":{"@type":"PropertyValueSpecification","valueRequired":true,"valueName":"search_term_string"}}],"inLanguage":"es"},{"@type":"Organization","@id":"https:\/\/carsstudio.com\/home\/#organization","name":"Carsstudio","url":"https:\/\/carsstudio.com\/home\/","logo":{"@type":"ImageObject","inLanguage":"es","@id":"https:\/\/carsstudio.com\/home\/#\/schema\/logo\/image\/","url":"https:\/\/carsstudio.com\/wp-content\/uploads\/2022\/06\/Logo-Cars-Studio-2020-NEGRO.png","contentUrl":"https:\/\/carsstudio.com\/wp-content\/uploads\/2022\/06\/Logo-Cars-Studio-2020-NEGRO.png","width":3021,"height":770,"caption":"Carsstudio"},"image":{"@id":"https:\/\/carsstudio.com\/home\/#\/schema\/logo\/image\/"},"sameAs":["https:\/\/www.facebook.com\/carsstudio.madrid\/?ref=br_rs","https:\/\/www.linkedin.com\/company\/cars-studio\/about\/","https:\/\/www.instagram.com\/carsstudio\/"]}]}},"_links":{"self":[{"href":"https:\/\/carsstudio.com\/home\/wp-json\/wp\/v2\/pages\/2372","targetHints":{"allow":["GET"]}}],"collection":[{"href":"https:\/\/carsstudio.com\/home\/wp-json\/wp\/v2\/pages"}],"about":[{"href":"https:\/\/carsstudio.com\/home\/wp-json\/wp\/v2\/types\/page"}],"author":[{"embeddable":true,"href":"https:\/\/carsstudio.com\/home\/wp-json\/wp\/v2\/users\/1"}],"replies":[{"embeddable":true,"href":"https:\/\/carsstudio.com\/home\/wp-json\/wp\/v2\/comments?post=2372"}],"version-history":[{"count":191,"href":"https:\/\/carsstudio.com\/home\/wp-json\/wp\/v2\/pages\/2372\/revisions"}],"predecessor-version":[{"id":4108,"href":"https:\/\/carsstudio.com\/home\/wp-json\/wp\/v2\/pages\/2372\/revisions\/4108"}],"wp:attachment":[{"href":"https:\/\/carsstudio.com\/home\/wp-json\/wp\/v2\/media?parent=2372"}],"curies":[{"name":"wp","href":"https:\/\/api.w.org\/{rel}","templated":true}]}}